{"id":686,"date":"2020-04-05T12:06:01","date_gmt":"2020-04-05T12:06:01","guid":{"rendered":"http:\/\/mariagorosarri.com\/inicio\/"},"modified":"2023-01-03T10:41:25","modified_gmt":"2023-01-03T10:41:25","slug":"inicio","status":"publish","type":"page","link":"http:\/\/mariagorosarri.com\/es\/","title":{"rendered":"Inicio"},"content":{"rendered":"\t\t<div data-elementor-type=\"wp-page\" data-elementor-id=\"686\" class=\"elementor elementor-686\">\n\t\t\t\t\t\t\t\t\t<section class=\"elementor-section elementor-top-section elementor-element elementor-element-6f77b68 elementor-section-full_width elementor-section-height-min-height elementor-section-items-stretch elementor-section-content-middle elementor-section-height-default\" data-id=\"6f77b68\" data-element_type=\"section\">\n\t\t\t\t\t\t<div class=\"elementor-container elementor-column-gap-extended\">\n\t\t\t\t\t<div class=\"elementor-column elementor-col-100 elementor-top-column elementor-element elementor-element-2b055c2\" data-id=\"2b055c2\" data-element_type=\"column\">\n\t\t\t<div class=\"elementor-widget-wrap elementor-element-populated\">\n\t\t\t\t\t\t\t\t<div class=\"elementor-element elementor-element-f83b1e8 elementor-widget elementor-widget-image\" data-id=\"f83b1e8\" data-element_type=\"widget\" data-widget_type=\"image.default\">\n\t\t\t\t<div class=\"elementor-widget-container\">\n\t\t\t\t\t\t\t\t\t\t\t\t\t\t\t<img decoding=\"async\" loading=\"lazy\" width=\"1000\" height=\"264\" src=\"http:\/\/mariagorosarri.com\/wp-content\/uploads\/2020\/04\/Sarrera-berdea-ur-markagaz.jpg\" class=\"attachment-full size-full wp-image-650\" alt=\"\" srcset=\"http:\/\/mariagorosarri.com\/wp-content\/uploads\/2020\/04\/Sarrera-berdea-ur-markagaz.jpg 1000w, http:\/\/mariagorosarri.com\/wp-content\/uploads\/2020\/04\/Sarrera-berdea-ur-markagaz-300x79.jpg 300w, http:\/\/mariagorosarri.com\/wp-content\/uploads\/2020\/04\/Sarrera-berdea-ur-markagaz-700x185.jpg 700w, http:\/\/mariagorosarri.com\/wp-content\/uploads\/2020\/04\/Sarrera-berdea-ur-markagaz-768x203.jpg 768w\" sizes=\"(max-width: 1000px) 100vw, 1000px\" \/>\t\t\t\t\t\t\t\t\t\t\t\t\t\t\t<\/div>\n\t\t\t\t<\/div>\n\t\t\t\t\t<\/div>\n\t\t<\/div>\n\t\t\t\t\t\t\t<\/div>\n\t\t<\/section>\n\t\t\t\t<section class=\"elementor-section elementor-top-section elementor-element elementor-element-7374916 elementor-section-boxed elementor-section-height-default elementor-section-height-default\" data-id=\"7374916\" data-element_type=\"section\">\n\t\t\t\t\t\t<div class=\"elementor-container elementor-column-gap-default\">\n\t\t\t\t\t<div class=\"elementor-column elementor-col-100 elementor-top-column elementor-element elementor-element-e7c3bc3\" data-id=\"e7c3bc3\" data-element_type=\"column\">\n\t\t\t<div class=\"elementor-widget-wrap elementor-element-populated\">\n\t\t\t\t\t\t\t\t<div class=\"elementor-element elementor-element-bfd0d69 elementor-widget elementor-widget-heading\" data-id=\"bfd0d69\" data-element_type=\"widget\" data-widget_type=\"heading.default\">\n\t\t\t\t<div class=\"elementor-widget-container\">\n\t\t\t<h1 class=\"elementor-heading-title elementor-size-xl\">Maria Gorosarri<\/h1>\t\t<\/div>\n\t\t\t\t<\/div>\n\t\t\t\t\t<\/div>\n\t\t<\/div>\n\t\t\t\t\t\t\t<\/div>\n\t\t<\/section>\n\t\t\t\t<section class=\"elementor-section elementor-top-section elementor-element elementor-element-38a746e elementor-section-boxed elementor-section-height-default elementor-section-height-default\" data-id=\"38a746e\" data-element_type=\"section\">\n\t\t\t\t\t\t<div class=\"elementor-container elementor-column-gap-default\">\n\t\t\t\t\t<div class=\"elementor-column elementor-col-100 elementor-top-column elementor-element elementor-element-af34d9b\" data-id=\"af34d9b\" data-element_type=\"column\">\n\t\t\t<div class=\"elementor-widget-wrap elementor-element-populated\">\n\t\t\t\t\t\t\t\t<div class=\"elementor-element elementor-element-c97e83e elementor-widget elementor-widget-text-editor\" data-id=\"c97e83e\" data-element_type=\"widget\" data-widget_type=\"text-editor.default\">\n\t\t\t\t<div class=\"elementor-widget-container\">\n\t\t\t\t\t\t\t<p>Maria Gorosarri Gonz\u00e1lez (Durango, 1978). Licenciada en Derecho, licenciada en Periodismo y Doctora Europea en Comunicaci\u00f3n.<\/p>\n<p>Como profesora de universidad, me dedico a<strong>deconstruir el periodismo:<\/strong>practicar, deshacer, analizar, ense\u00f1ar, desense\u00f1ar, debatir e innovar. Periodismo vasco, periodismo en euskara, y periodismo europeo. Me dedico a las noticias. En ese an\u00e1lisis, <strong>el propio periodismo es noticia.<\/strong><\/p>\n<p>Como investigadora, me he formado en el extranjero (principalmente, Alemania) y trabajo <strong>l\u00edneas de investigaci\u00f3n innovadoras<\/strong>, que han sido respaldadas social y acad\u00e9micamente. Mi investigaci\u00f3n est\u00e1 dirigida a dotar de argumentos a una ciudadan\u00eda competente y cr\u00edtica. <span style=\"color: #4a772f;\"><a style=\"color: #4a772f;\" href=\"http:\/\/mariagorosarri.com\/es\/calidad-de-las-noticias\/\" target=\"_blank\" rel=\"noopener\">La calidad de las noticias<\/a>, <a style=\"color: #4a772f;\" href=\"http:\/\/mariagorosarri.com\/es\/feminismo\/\">el feminismo<\/a><\/span> y e<span style=\"color: #4a772f;\"><a style=\"color: #4a772f;\" href=\"http:\/\/mariagorosarri.com\/es\/fotoperiodismo\/\">l fotoperiodismo<\/a><\/span> gu\u00edan mi labor investigadora.<\/p>\n<p>Como comunicadora, colaboro en medios de comunicaci\u00f3n a modo de periodista y escribo art\u00edculos sobre periodismo, a modo de <strong>metaperiodista<\/strong>. As\u00ed, tendr\u00e1s a tu alcance herramientas para poder ser coherente entre lo que piensas y lo que lees\/ves\/escuchas\/sigues en los medios de comunicaci\u00f3n.<\/p><\/p>\n\t\t\t\t\t\t<\/div>\n\t\t\t\t<\/div>\n\t\t\t\t\t<\/div>\n\t\t<\/div>\n\t\t\t\t\t\t\t<\/div>\n\t\t<\/section>\n\t\t\t\t<section class=\"elementor-section elementor-top-section elementor-element elementor-element-6731503 elementor-section-boxed elementor-section-height-default elementor-section-height-default\" data-id=\"6731503\" data-element_type=\"section\">\n\t\t\t\t\t\t<div class=\"elementor-container elementor-column-gap-default\">\n\t\t\t\t\t<div class=\"elementor-column elementor-col-50 elementor-top-column elementor-element elementor-element-5ea9c5b\" data-id=\"5ea9c5b\" data-element_type=\"column\">\n\t\t\t<div class=\"elementor-widget-wrap elementor-element-populated\">\n\t\t\t\t\t\t\t\t<div class=\"elementor-element elementor-element-06c2ce0 elementor-widget elementor-widget-text-editor\" data-id=\"06c2ce0\" data-element_type=\"widget\" data-widget_type=\"text-editor.default\">\n\t\t\t\t<div class=\"elementor-widget-container\">\n\t\t\t\t\t\t\t<p style=\"text-align: center;\">Twitter: <span style=\"color: #4a772f;\"><a style=\"color: #4a772f;\" href=\"https:\/\/twitter.com\/mariagorosarri\">@mariagorosarri<\/a><\/span><\/p>\n\t\t\t\t\t\t<\/div>\n\t\t\t\t<\/div>\n\t\t\t\t\t<\/div>\n\t\t<\/div>\n\t\t\t\t<div class=\"elementor-column elementor-col-50 elementor-top-column elementor-element elementor-element-188c95c\" data-id=\"188c95c\" data-element_type=\"column\">\n\t\t\t<div class=\"elementor-widget-wrap elementor-element-populated\">\n\t\t\t\t\t\t\t\t<div class=\"elementor-element elementor-element-cfe6ec2 elementor-widget elementor-widget-text-editor\" data-id=\"cfe6ec2\" data-element_type=\"widget\" data-widget_type=\"text-editor.default\">\n\t\t\t\t<div class=\"elementor-widget-container\">\n\t\t\t\t\t\t\t<p style=\"text-align: center;\">Instagram: @mariagorosarri<\/p>\n\t\t\t\t\t\t<\/div>\n\t\t\t\t<\/div>\n\t\t\t\t\t<\/div>\n\t\t<\/div>\n\t\t\t\t\t\t\t<\/div>\n\t\t<\/section>\n\t\t\t\t<section class=\"elementor-section elementor-top-section elementor-element elementor-element-2b5a9e7 elementor-section-boxed elementor-section-height-default elementor-section-height-default\" data-id=\"2b5a9e7\" data-element_type=\"section\">\n\t\t\t\t\t\t<div class=\"elementor-container elementor-column-gap-default\">\n\t\t\t\t\t<div class=\"elementor-column elementor-col-33 elementor-top-column elementor-element elementor-element-ed8d09b\" data-id=\"ed8d09b\" data-element_type=\"column\">\n\t\t\t<div class=\"elementor-widget-wrap\">\n\t\t\t\t\t\t\t\t\t<\/div>\n\t\t<\/div>\n\t\t\t\t<div class=\"elementor-column elementor-col-66 elementor-top-column elementor-element elementor-element-fd36ada\" data-id=\"fd36ada\" data-element_type=\"column\">\n\t\t\t<div class=\"elementor-widget-wrap elementor-element-populated\">\n\t\t\t\t\t\t\t\t<div class=\"elementor-element elementor-element-31b4da2 elementor-button-success elementor-widget elementor-widget-button\" data-id=\"31b4da2\" data-element_type=\"widget\" data-widget_type=\"button.default\">\n\t\t\t\t<div class=\"elementor-widget-container\">\n\t\t\t\t\t<div class=\"elementor-button-wrapper\">\n\t\t\t<a class=\"elementor-button elementor-button-link elementor-size-sm\" href=\"http:\/\/mariagorosarri.com\/es\/contacto-3\/\">\n\t\t\t\t\t\t<span class=\"elementor-button-content-wrapper\">\n\t\t\t\t\t\t<span class=\"elementor-button-icon elementor-align-icon-left\">\n\t\t\t\t<i aria-hidden=\"true\" class=\"far fa-envelope\"><\/i>\t\t\t<\/span>\n\t\t\t\t\t\t<span class=\"elementor-button-text\">Contacto<\/span>\n\t\t<\/span>\n\t\t\t\t\t<\/a>\n\t\t<\/div>\n\t\t\t\t<\/div>\n\t\t\t\t<\/div>\n\t\t\t\t\t<\/div>\n\t\t<\/div>\n\t\t\t\t\t\t\t<\/div>\n\t\t<\/section>\n\t\t\t\t\t\t\t<\/div>\n\t\t","protected":false},"excerpt":{"rendered":"<p>Maria Gorosarri Maria Gorosarri Gonz\u00e1lez (Durango, 1978). Licenciada en Derecho, licenciada en Periodismo y Doctora Europea en Comunicaci\u00f3n. Como profesora de universidad, me dedico adeconstruir el periodismo:practicar, deshacer, analizar, ense\u00f1ar, desense\u00f1ar, debatir e innovar. Periodismo vasco, periodismo en euskara, y periodismo europeo. Me dedico a las noticias. En ese an\u00e1lisis, el propio periodismo es noticia.&hellip;&nbsp;<a href=\"http:\/\/mariagorosarri.com\/es\/\" class=\"\" rel=\"bookmark\">Leer m\u00e1s &raquo;<span class=\"screen-reader-text\">Inicio<\/span><\/a><\/p>\n","protected":false},"author":1,"featured_media":0,"parent":0,"menu_order":0,"comment_status":"closed","ping_status":"closed","template":"elementor_header_footer","meta":{"_mi_skip_tracking":false,"_monsterinsights_sitenote_active":false,"_monsterinsights_sitenote_note":"","_monsterinsights_sitenote_category":0,"neve_meta_sidebar":"full-width","neve_meta_container":"","neve_meta_enable_content_width":"on","neve_meta_content_width":100,"neve_meta_title_alignment":"","neve_meta_author_avatar":"","neve_post_elements_order":"","neve_meta_disable_header":"","neve_meta_disable_footer":"","neve_meta_disable_title":"","footnotes":""},"yoast_head":"<!-- This site is optimized with the Yoast SEO plugin v21.2 - https:\/\/yoast.com\/wordpress\/plugins\/seo\/ -->\n<title>Inicio - Maria Gorosarri - Metakazetaria<\/title>\n<meta name=\"robots\" content=\"index, follow, max-snippet:-1, max-image-preview:large, max-video-preview:-1\" \/>\n<link rel=\"canonical\" href=\"http:\/\/mariagorosarri.com\/es\/\" \/>\n<meta property=\"og:locale\" content=\"es_ES\" \/>\n<meta property=\"og:type\" content=\"article\" \/>\n<meta property=\"og:title\" content=\"Inicio - Maria Gorosarri - Metakazetaria\" \/>\n<meta property=\"og:description\" content=\"Maria Gorosarri Maria Gorosarri Gonz\u00e1lez (Durango, 1978). Licenciada en Derecho, licenciada en Periodismo y Doctora Europea en Comunicaci\u00f3n. Como profesora de universidad, me dedico adeconstruir el periodismo:practicar, deshacer, analizar, ense\u00f1ar, desense\u00f1ar, debatir e innovar. Periodismo vasco, periodismo en euskara, y periodismo europeo. Me dedico a las noticias. En ese an\u00e1lisis, el propio periodismo es noticia.&hellip;&nbsp;Leer m\u00e1s &raquo;Inicio\" \/>\n<meta property=\"og:url\" content=\"http:\/\/mariagorosarri.com\/es\/\" \/>\n<meta property=\"og:site_name\" content=\"Maria Gorosarri - Metakazetaria\" \/>\n<meta property=\"article:modified_time\" content=\"2023-01-03T10:41:25+00:00\" \/>\n<meta property=\"og:image\" content=\"http:\/\/mariagorosarri.com\/wp-content\/uploads\/2020\/04\/Sarrera-berdea-ur-markagaz.jpg\" \/>\n<meta name=\"twitter:card\" content=\"summary_large_image\" \/>\n<meta name=\"twitter:label1\" content=\"Tiempo de lectura\" \/>\n\t<meta name=\"twitter:data1\" content=\"1 minuto\" \/>\n<script type=\"application\/ld+json\" class=\"yoast-schema-graph\">{\"@context\":\"https:\/\/schema.org\",\"@graph\":[{\"@type\":\"WebPage\",\"@id\":\"http:\/\/mariagorosarri.com\/es\/\",\"url\":\"http:\/\/mariagorosarri.com\/es\/\",\"name\":\"Inicio - Maria Gorosarri - Metakazetaria\",\"isPartOf\":{\"@id\":\"http:\/\/mariagorosarri.com\/#website\"},\"datePublished\":\"2020-04-05T12:06:01+00:00\",\"dateModified\":\"2023-01-03T10:41:25+00:00\",\"breadcrumb\":{\"@id\":\"http:\/\/mariagorosarri.com\/es\/#breadcrumb\"},\"inLanguage\":\"es\",\"potentialAction\":[{\"@type\":\"ReadAction\",\"target\":[\"http:\/\/mariagorosarri.com\/es\/\"]}]},{\"@type\":\"BreadcrumbList\",\"@id\":\"http:\/\/mariagorosarri.com\/es\/#breadcrumb\",\"itemListElement\":[{\"@type\":\"ListItem\",\"position\":1,\"name\":\"Portada\",\"item\":\"http:\/\/mariagorosarri.com\/es\/\"},{\"@type\":\"ListItem\",\"position\":2,\"name\":\"Inicio\"}]},{\"@type\":\"WebSite\",\"@id\":\"http:\/\/mariagorosarri.com\/#website\",\"url\":\"http:\/\/mariagorosarri.com\/\",\"name\":\"Maria Gorosarri - Metakazetaria\",\"description\":\"Kazetaritza albiste izango da\",\"publisher\":{\"@id\":\"http:\/\/mariagorosarri.com\/#\/schema\/person\/10f576ea6112bb08d3411b78c9e360fb\"},\"potentialAction\":[{\"@type\":\"SearchAction\",\"target\":{\"@type\":\"EntryPoint\",\"urlTemplate\":\"http:\/\/mariagorosarri.com\/?s={search_term_string}\"},\"query-input\":\"required name=search_term_string\"}],\"inLanguage\":\"es\"},{\"@type\":[\"Person\",\"Organization\"],\"@id\":\"http:\/\/mariagorosarri.com\/#\/schema\/person\/10f576ea6112bb08d3411b78c9e360fb\",\"name\":\"1d63034b91\",\"image\":{\"@type\":\"ImageObject\",\"inLanguage\":\"es\",\"@id\":\"http:\/\/mariagorosarri.com\/#\/schema\/person\/image\/\",\"url\":\"http:\/\/1.gravatar.com\/avatar\/a6cad7335106d82f9b013ee9f7543ec0?s=96&d=identicon&r=g\",\"contentUrl\":\"http:\/\/1.gravatar.com\/avatar\/a6cad7335106d82f9b013ee9f7543ec0?s=96&d=identicon&r=g\",\"caption\":\"1d63034b91\"},\"logo\":{\"@id\":\"http:\/\/mariagorosarri.com\/#\/schema\/person\/image\/\"}}]}<\/script>\n<!-- \/ Yoast SEO plugin. -->","yoast_head_json":{"title":"Inicio - Maria Gorosarri - Metakazetaria","robots":{"index":"index","follow":"follow","max-snippet":"max-snippet:-1","max-image-preview":"max-image-preview:large","max-video-preview":"max-video-preview:-1"},"canonical":"http:\/\/mariagorosarri.com\/es\/","og_locale":"es_ES","og_type":"article","og_title":"Inicio - Maria Gorosarri - Metakazetaria","og_description":"Maria Gorosarri Maria Gorosarri Gonz\u00e1lez (Durango, 1978). Licenciada en Derecho, licenciada en Periodismo y Doctora Europea en Comunicaci\u00f3n. Como profesora de universidad, me dedico adeconstruir el periodismo:practicar, deshacer, analizar, ense\u00f1ar, desense\u00f1ar, debatir e innovar. Periodismo vasco, periodismo en euskara, y periodismo europeo. Me dedico a las noticias. En ese an\u00e1lisis, el propio periodismo es noticia.&hellip;&nbsp;Leer m\u00e1s &raquo;Inicio","og_url":"http:\/\/mariagorosarri.com\/es\/","og_site_name":"Maria Gorosarri - Metakazetaria","article_modified_time":"2023-01-03T10:41:25+00:00","og_image":[{"url":"http:\/\/mariagorosarri.com\/wp-content\/uploads\/2020\/04\/Sarrera-berdea-ur-markagaz.jpg"}],"twitter_card":"summary_large_image","twitter_misc":{"Tiempo de lectura":"1 minuto"},"schema":{"@context":"https:\/\/schema.org","@graph":[{"@type":"WebPage","@id":"http:\/\/mariagorosarri.com\/es\/","url":"http:\/\/mariagorosarri.com\/es\/","name":"Inicio - Maria Gorosarri - Metakazetaria","isPartOf":{"@id":"http:\/\/mariagorosarri.com\/#website"},"datePublished":"2020-04-05T12:06:01+00:00","dateModified":"2023-01-03T10:41:25+00:00","breadcrumb":{"@id":"http:\/\/mariagorosarri.com\/es\/#breadcrumb"},"inLanguage":"es","potentialAction":[{"@type":"ReadAction","target":["http:\/\/mariagorosarri.com\/es\/"]}]},{"@type":"BreadcrumbList","@id":"http:\/\/mariagorosarri.com\/es\/#breadcrumb","itemListElement":[{"@type":"ListItem","position":1,"name":"Portada","item":"http:\/\/mariagorosarri.com\/es\/"},{"@type":"ListItem","position":2,"name":"Inicio"}]},{"@type":"WebSite","@id":"http:\/\/mariagorosarri.com\/#website","url":"http:\/\/mariagorosarri.com\/","name":"Maria Gorosarri - Metakazetaria","description":"Kazetaritza albiste izango da","publisher":{"@id":"http:\/\/mariagorosarri.com\/#\/schema\/person\/10f576ea6112bb08d3411b78c9e360fb"},"potentialAction":[{"@type":"SearchAction","target":{"@type":"EntryPoint","urlTemplate":"http:\/\/mariagorosarri.com\/?s={search_term_string}"},"query-input":"required name=search_term_string"}],"inLanguage":"es"},{"@type":["Person","Organization"],"@id":"http:\/\/mariagorosarri.com\/#\/schema\/person\/10f576ea6112bb08d3411b78c9e360fb","name":"1d63034b91","image":{"@type":"ImageObject","inLanguage":"es","@id":"http:\/\/mariagorosarri.com\/#\/schema\/person\/image\/","url":"http:\/\/1.gravatar.com\/avatar\/a6cad7335106d82f9b013ee9f7543ec0?s=96&d=identicon&r=g","contentUrl":"http:\/\/1.gravatar.com\/avatar\/a6cad7335106d82f9b013ee9f7543ec0?s=96&d=identicon&r=g","caption":"1d63034b91"},"logo":{"@id":"http:\/\/mariagorosarri.com\/#\/schema\/person\/image\/"}}]}},"_links":{"self":[{"href":"http:\/\/mariagorosarri.com\/es\/wp-json\/wp\/v2\/pages\/686"}],"collection":[{"href":"http:\/\/mariagorosarri.com\/es\/wp-json\/wp\/v2\/pages"}],"about":[{"href":"http:\/\/mariagorosarri.com\/es\/wp-json\/wp\/v2\/types\/page"}],"author":[{"embeddable":true,"href":"http:\/\/mariagorosarri.com\/es\/wp-json\/wp\/v2\/users\/1"}],"replies":[{"embeddable":true,"href":"http:\/\/mariagorosarri.com\/es\/wp-json\/wp\/v2\/comments?post=686"}],"version-history":[{"count":19,"href":"http:\/\/mariagorosarri.com\/es\/wp-json\/wp\/v2\/pages\/686\/revisions"}],"predecessor-version":[{"id":1641,"href":"http:\/\/mariagorosarri.com\/es\/wp-json\/wp\/v2\/pages\/686\/revisions\/1641"}],"wp:attachment":[{"href":"http:\/\/mariagorosarri.com\/es\/wp-json\/wp\/v2\/media?parent=686"}],"curies":[{"name":"wp","href":"https:\/\/api.w.org\/{rel}","templated":true}]}}